{"id":6093,"date":"2025-08-01T17:27:12","date_gmt":"2025-08-01T17:27:12","guid":{"rendered":"https:\/\/mdxcro.com\/chartssss\/"},"modified":"2025-08-04T10:01:26","modified_gmt":"2025-08-04T10:01:26","slug":"chartssss","status":"publish","type":"page","link":"https:\/\/mdxcro.com\/es\/chartssss\/","title":{"rendered":"chartssss"},"content":{"rendered":"\n<section id=\"block_0ba005b435fad2cf86691ffcc218ccc5\" class=\"charts\" style=\"padding-top: Predeterminado; padding-bottom: Predeterminado; margin-top: Predeterminado; margin-bottom: Predeterminado; \">\n    <div class=\"container\">\n\t\t  <h2 class=\"headline\">exterior<\/h2>\n\t\n\t  <\/div>\n<\/section>","protected":false},"excerpt":{"rendered":"","protected":false},"author":1,"featured_media":0,"parent":0,"menu_order":0,"comment_status":"closed","ping_status":"closed","template":"","meta":{"_acf_changed":false,"footnotes":""},"class_list":["post-6093","page","type-page","status-publish","hentry"],"acf":[],"yoast_head":"<!-- This site is optimized with the Yoast SEO plugin v27.4 - https:\/\/yoast.com\/product\/yoast-seo-wordpress\/ -->\n<title>chartssss - MDx CRO<\/title>\n<meta name=\"robots\" content=\"index, follow, max-snippet:-1, max-image-preview:large, max-video-preview:-1\" \/>\n<link rel=\"canonical\" href=\"https:\/\/mdxcro.com\/es\/chartssss\/\" \/>\n<meta property=\"og:locale\" content=\"es_ES\" \/>\n<meta property=\"og:type\" content=\"article\" \/>\n<meta property=\"og:title\" content=\"chartssss - MDx CRO\" \/>\n<meta property=\"og:url\" content=\"https:\/\/mdxcro.com\/es\/chartssss\/\" \/>\n<meta property=\"og:site_name\" content=\"MDx CRO\" \/>\n<meta property=\"article:modified_time\" content=\"2025-08-04T10:01:26+00:00\" \/>\n<meta name=\"twitter:card\" content=\"summary_large_image\" \/>\n<script type=\"application\/ld+json\" class=\"yoast-schema-graph\">{\"@context\":\"https:\\\/\\\/schema.org\",\"@graph\":[{\"@type\":\"WebPage\",\"@id\":\"https:\\\/\\\/mdxcro.com\\\/es\\\/chartssss\\\/\",\"url\":\"https:\\\/\\\/mdxcro.com\\\/es\\\/chartssss\\\/\",\"name\":\"chartssss - MDx CRO\",\"isPartOf\":{\"@id\":\"https:\\\/\\\/mdxcro.com\\\/es\\\/#website\"},\"datePublished\":\"2025-08-01T17:27:12+00:00\",\"dateModified\":\"2025-08-04T10:01:26+00:00\",\"breadcrumb\":{\"@id\":\"https:\\\/\\\/mdxcro.com\\\/es\\\/chartssss\\\/#breadcrumb\"},\"inLanguage\":\"es\",\"potentialAction\":[{\"@type\":\"ReadAction\",\"target\":[\"https:\\\/\\\/mdxcro.com\\\/es\\\/chartssss\\\/\"]}]},{\"@type\":\"BreadcrumbList\",\"@id\":\"https:\\\/\\\/mdxcro.com\\\/es\\\/chartssss\\\/#breadcrumb\",\"itemListElement\":[{\"@type\":\"ListItem\",\"position\":1,\"name\":\"Home\",\"item\":\"https:\\\/\\\/mdxcro.com\\\/es\\\/\"},{\"@type\":\"ListItem\",\"position\":2,\"name\":\"chartssss\"}]},{\"@type\":\"WebSite\",\"@id\":\"https:\\\/\\\/mdxcro.com\\\/es\\\/#website\",\"url\":\"https:\\\/\\\/mdxcro.com\\\/es\\\/\",\"name\":\"MDx CRO\",\"description\":\"Investigaci\u00f3n cl\u00ednica, normativa y control de calidad en tecnolog\u00eda m\u00e9dica y diagn\u00f3stico in vitro\",\"publisher\":{\"@id\":\"https:\\\/\\\/mdxcro.com\\\/es\\\/#organization\"},\"alternateName\":\"MDx\",\"potentialAction\":[{\"@type\":\"SearchAction\",\"target\":{\"@type\":\"EntryPoint\",\"urlTemplate\":\"https:\\\/\\\/mdxcro.com\\\/es\\\/?s={search_term_string}\"},\"query-input\":{\"@type\":\"PropertyValueSpecification\",\"valueRequired\":true,\"valueName\":\"search_term_string\"}}],\"inLanguage\":\"es\"},{\"@type\":\"Organization\",\"@id\":\"https:\\\/\\\/mdxcro.com\\\/es\\\/#organization\",\"name\":\"CRO de MDx\",\"url\":\"https:\\\/\\\/mdxcro.com\\\/es\\\/\",\"logo\":{\"@type\":\"ImageObject\",\"inLanguage\":\"es\",\"@id\":\"https:\\\/\\\/mdxcro.com\\\/es\\\/#\\\/schema\\\/logo\\\/image\\\/\",\"url\":\"https:\\\/\\\/mdxcro.com\\\/wp-content\\\/uploads\\\/2025\\\/07\\\/MDX.svg\",\"contentUrl\":\"https:\\\/\\\/mdxcro.com\\\/wp-content\\\/uploads\\\/2025\\\/07\\\/MDX.svg\",\"width\":352,\"height\":114,\"caption\":\"CRO de MDx\"},\"image\":{\"@id\":\"https:\\\/\\\/mdxcro.com\\\/es\\\/#\\\/schema\\\/logo\\\/image\\\/\"},\"sameAs\":[\"https:\\\/\\\/www.linkedin.com\\\/company\\\/medtech-ivd-cro\"]}]}<\/script>\n<!-- \/ Yoast SEO plugin. -->","yoast_head_json":{"title":"chartssss - MDx CRO","robots":{"index":"index","follow":"follow","max-snippet":"max-snippet:-1","max-image-preview":"max-image-preview:large","max-video-preview":"max-video-preview:-1"},"canonical":"https:\/\/mdxcro.com\/es\/chartssss\/","og_locale":"es_ES","og_type":"article","og_title":"chartssss - MDx CRO","og_url":"https:\/\/mdxcro.com\/es\/chartssss\/","og_site_name":"MDx CRO","article_modified_time":"2025-08-04T10:01:26+00:00","twitter_card":"summary_large_image","schema":{"@context":"https:\/\/schema.org","@graph":[{"@type":"WebPage","@id":"https:\/\/mdxcro.com\/es\/chartssss\/","url":"https:\/\/mdxcro.com\/es\/chartssss\/","name":"chartssss - MDx CRO","isPartOf":{"@id":"https:\/\/mdxcro.com\/es\/#website"},"datePublished":"2025-08-01T17:27:12+00:00","dateModified":"2025-08-04T10:01:26+00:00","breadcrumb":{"@id":"https:\/\/mdxcro.com\/es\/chartssss\/#breadcrumb"},"inLanguage":"es","potentialAction":[{"@type":"ReadAction","target":["https:\/\/mdxcro.com\/es\/chartssss\/"]}]},{"@type":"BreadcrumbList","@id":"https:\/\/mdxcro.com\/es\/chartssss\/#breadcrumb","itemListElement":[{"@type":"ListItem","position":1,"name":"Home","item":"https:\/\/mdxcro.com\/es\/"},{"@type":"ListItem","position":2,"name":"chartssss"}]},{"@type":"WebSite","@id":"https:\/\/mdxcro.com\/es\/#website","url":"https:\/\/mdxcro.com\/es\/","name":"MDx CRO","description":"Investigaci\u00f3n cl\u00ednica, normativa y control de calidad en tecnolog\u00eda m\u00e9dica y diagn\u00f3stico in vitro","publisher":{"@id":"https:\/\/mdxcro.com\/es\/#organization"},"alternateName":"MDx","potentialAction":[{"@type":"SearchAction","target":{"@type":"EntryPoint","urlTemplate":"https:\/\/mdxcro.com\/es\/?s={search_term_string}"},"query-input":{"@type":"PropertyValueSpecification","valueRequired":true,"valueName":"search_term_string"}}],"inLanguage":"es"},{"@type":"Organization","@id":"https:\/\/mdxcro.com\/es\/#organization","name":"CRO de MDx","url":"https:\/\/mdxcro.com\/es\/","logo":{"@type":"ImageObject","inLanguage":"es","@id":"https:\/\/mdxcro.com\/es\/#\/schema\/logo\/image\/","url":"https:\/\/mdxcro.com\/wp-content\/uploads\/2025\/07\/MDX.svg","contentUrl":"https:\/\/mdxcro.com\/wp-content\/uploads\/2025\/07\/MDX.svg","width":352,"height":114,"caption":"CRO de MDx"},"image":{"@id":"https:\/\/mdxcro.com\/es\/#\/schema\/logo\/image\/"},"sameAs":["https:\/\/www.linkedin.com\/company\/medtech-ivd-cro"]}]}},"_links":{"self":[{"href":"https:\/\/mdxcro.com\/es\/wp-json\/wp\/v2\/pages\/6093","targetHints":{"allow":["GET"]}}],"collection":[{"href":"https:\/\/mdxcro.com\/es\/wp-json\/wp\/v2\/pages"}],"about":[{"href":"https:\/\/mdxcro.com\/es\/wp-json\/wp\/v2\/types\/page"}],"author":[{"embeddable":true,"href":"https:\/\/mdxcro.com\/es\/wp-json\/wp\/v2\/users\/1"}],"replies":[{"embeddable":true,"href":"https:\/\/mdxcro.com\/es\/wp-json\/wp\/v2\/comments?post=6093"}],"version-history":[{"count":1,"href":"https:\/\/mdxcro.com\/es\/wp-json\/wp\/v2\/pages\/6093\/revisions"}],"predecessor-version":[{"id":6094,"href":"https:\/\/mdxcro.com\/es\/wp-json\/wp\/v2\/pages\/6093\/revisions\/6094"}],"wp:attachment":[{"href":"https:\/\/mdxcro.com\/es\/wp-json\/wp\/v2\/media?parent=6093"}],"curies":[{"name":"wp","href":"https:\/\/api.w.org\/{rel}","templated":true}]}}