{"id":8416,"date":"2025-07-30T07:33:55","date_gmt":"2025-07-30T07:33:55","guid":{"rendered":"https:\/\/mdxcro.com\/empleo\/"},"modified":"2026-04-08T11:20:47","modified_gmt":"2026-04-08T11:20:47","slug":"empleo","status":"publish","type":"page","link":"https:\/\/mdxcro.com\/es\/empleo\/","title":{"rendered":"Empleo"},"content":{"rendered":"\n<section id=\"block_6c908d39d1aad75a0cd9deaaa09990a6\" class=\"hero\">\n    <div class=\"hero--bg\">\n      <img decoding=\"async\" src=\"https:\/\/mdxcro.com\/wp-content\/uploads\/2026\/04\/ivdr-MDx-cRO.webp\" fetchpriority=\"high\" class=\"no-lazy\" \/>\n    <\/div>\n        <div class=\"container\">\n                <div class=\"content\">\n                                    <h1 class=\"title\">Avanza co tu carrera en innovaci\u00f3n de tecnolog\u00eda m\u00e9dica e IVD<\/h1>\n            \n                            <div class=\"description\"><p><span style=\"font-weight: 400;\">\u00danete al equipo global de expertos de MDx CRO que impulsan la excelencia en la investigaci\u00f3n cl\u00ednica, asuntos regulatorios y gesti\u00f3n de calidad.<\/span><\/p>\n<\/div>\n            \n                            <div class=\"button-wrapper\">\n                                            <a href=\"https:\/\/www.linkedin.com\/company\/medtech-ivd-cro\/jobs\/\" class=\"button button--default\" target=\"_self\">\n                            Ver oportunidades de carrera                        <\/a>\n                                            <a href=\"mailto:peopleandculture@mdxcro.com,\" class=\"button button--secondary\" target=\"_self\">\n                            Env\u00eda tu CV                        <\/a>\n                                    <\/div>\n                            <\/div>\n            <\/div>\n<\/section>\n\n\n\n<section id=\"block_a6f1ff08e89e62d02f16de95b1a1f903\" class=\"flip-cards flip-cards--three-columns flip-cards--grayscale \" style=\"\">\n            <div class=\"container\">\n        <div class=\"content\">\n            \n                            <h2 class=\"title\">\u00bfPor qu\u00e9 trabajar en MDx CRO?<\/h2>\n            \n                            <div class=\"teaser wysiwyg\"><p><span style=\"font-weight: 400;\">En MDx CRO, estamos comprometidos con el avance de la atenci\u00f3n m\u00e9dica a trav\u00e9s de la investigaci\u00f3n de vanguardia y el cumplimiento normativo. <\/span><\/p>\n<\/div>\n            \n                            <div class=\"description wysiwyg\"><p><b>En MDx CRO, nuestros valores no son solo palabras: impulsan la forma en que trabajamos, colaboramos y crecemos cada d\u00eda.<\/b><\/p>\n<\/div>\n                    <\/div>\n\n                    <div class=\"grid\">\n                                    <div class=\"card card--background-blue\"\n                                                  >\n                        \n                                                                            \n                        <div class=\"front\">#MakeItPOSSIBLE<\/div>\n                        <div class=\"back\"><p>Convertimos los complejos desaf\u00edos regulatorios y cl\u00ednicos en soluciones que crean un impacto real en el mundo.<\/p>\n<\/div>\n                    <\/div>\n                                    <div class=\"card card--has-bg-image\"\n                         style=\"background-image: url(&#039;https:\/\/mdxcro.com\/wp-content\/uploads\/2025\/08\/c09b57f3ff74a76f185f5cd949ca1825498d2359-scaled.jpg&#039;);\"                         >\n                        \n                                                                            \n                        <div class=\"front\">#MakeItWIN-WIN<\/div>\n                        <div class=\"back\"><p>Construimos asociaciones de confianza con clientes, colegas y colaboradores donde el \u00e9xito es compartido y sostenible.<\/p>\n<\/div>\n                    <\/div>\n                                    <div class=\"card card--background-white\"\n                                                  >\n                        \n                                                                            \n                        <div class=\"front\">#KeepIMPROVING<\/div>\n                        <div class=\"back\"><p>Estamos comprometidos con el aprendizaje continuo, mejores sistemas y mejor ciencia, para nuestros clientes y para nosotros mismos.<\/p>\n<\/div>\n                    <\/div>\n                                    <div class=\"card card--has-bg-image\"\n                         style=\"background-image: url(&#039;https:\/\/mdxcro.com\/wp-content\/uploads\/2025\/07\/design-sponsor-scaled.jpg&#039;);\"                         >\n                        \n                                                                            \n                        <div class=\"front\">#KeepGROWING<\/div>\n                        <div class=\"back\"><p>Invertimos en personas. Ya sea que est\u00e9 comenzando o escalando nuevas alturas, su crecimiento es nuestro crecimiento. <\/p>\n<\/div>\n                    <\/div>\n                                    <div class=\"card card--background-black\"\n                                                  >\n                        \n                                                                            \n                        <div class=\"front\">#KeepDIVERSE<\/div>\n                        <div class=\"back\"><p>Valoramos las diversas perspectivas, antecedentes y experiencias, porque un mejor pensamiento conduce a mejores resultados en la atenci\u00f3n m\u00e9dica.<\/p>\n<\/div>\n                    <\/div>\n                                    <div class=\"card card--has-bg-image card--image-only\"\n                         style=\"background-image: url(&#039;https:\/\/mdxcro.com\/wp-content\/uploads\/2025\/07\/logo-for-cards-scaled.jpg&#039;);\"                         >\n                        \n                                                                            \n                        <div class=\"front\"><\/div>\n                        <div class=\"back\"><\/div>\n                    <\/div>\n                            <\/div>\n        \n            <\/div>\n<\/section>\n\n\n\n\n\n\n<section id=\"block_a1547d0408319eaea30b97befef75c2f\" class=\"text-image\" style=\"margin-top: var(--wp--preset--spacing--xxlarge); margin-bottom: var(--wp--preset--spacing--large); \">\n        <div class=\"container\">\n        <div class=\"grid\">\n            <div class=\"column column--content\"><div class=\"text\"><h2 class=\"title\">Proceso de solicitud<\/h2><div class=\"description wysiwyg\"><p><b>C\u00f3mo presentar la solicitud:<\/b><\/p>\n<p><span style=\"font-weight: 400\">Se invita a los candidatos interesados a enviar su curr\u00edculum vitae y carta de presentaci\u00f3n a <\/span><a href=\"mailto:peopleandculture@mdxcro.com\"><span style=\"font-weight: 400\">peopleandculture@mdxcro.com<\/span><\/a><\/p>\n<p><span style=\"font-weight: 400\">Agradecemos las solicitudes de profesionales apasionados por generar un impacto significativo en la atenci\u00f3n m\u00e9dica a trav\u00e9s de la investigaci\u00f3n cl\u00ednica, la excelencia regulatoria y de calidad. <\/span> <\/p>\n<\/div><a class=\"button\" href=\"mailto:contact@mdxcro.com\" target=\"_self\">Enviar curr\u00edculum<\/a><\/div><\/div>                            <div class=\"column column--image\"><img decoding=\"async\" class=\"image\" src=\"https:\/\/mdxcro.com\/wp-content\/uploads\/2025\/09\/aplication-process-scaled.jpg\" alt=\"Advanced medical technology mobile app for healthcare professionals, digitizing patient management and clinical workflows in MedTech industry.\"  \/><\/div>                    <\/div>\n    <\/div>\n<\/section>\n\n\n\n<section id=\"block_7f67398f0b7f700dbdcd0a2787d04265\" class=\"call-to-action\" style=\"\">\n        <div class=\"call-to-action--bg\">\n      <img decoding=\"async\" src=\"https:\/\/mdxcro.com\/wp-content\/uploads\/2025\/08\/mdx-cta-bg.png\" \/>\n    <\/div>\n    <div class=\"container\">\n        <div class=\"grid\">\n            <div class=\"content\">\n                                    <h2 class=\"title\">\u00bfListo para unirte a nosotros?<\/h2>\n                \n                                    <div class=\"description wysiwyg\">\n                        <p><span style=\"font-weight: 400;\">Sea parte de un equipo que est\u00e1 dando forma al futuro de la tecnolog\u00eda m\u00e9dica.<\/span><\/p>\n                    <\/div>\n                            <\/div>\n\n                            <div class=\"button-wrapper\">\n                                                                        <a href=\"https:\/\/www.linkedin.com\/company\/medtech-ivd-cro\/jobs\/\" class=\"button button--tertiary\" target=\"\">\n                                Explora las posiciones abiertas                            <\/a>\n                                                                                                <a href=\"mailto:peopleandculture@mdxcro.com\" class=\"button button--secondary\" target=\"\">\n                                Contacta con HR                            <\/a>\n                                                            <\/div>\n                    <\/div>\n    <\/div>\n<\/section>\n","protected":false},"excerpt":{"rendered":"","protected":false},"author":2,"featured_media":0,"parent":0,"menu_order":0,"comment_status":"closed","ping_status":"closed","template":"","meta":{"_acf_changed":false,"footnotes":""},"class_list":["post-8416","page","type-page","status-publish","hentry"],"acf":[],"yoast_head":"<!-- This site is optimized with the Yoast SEO plugin v27.5 - https:\/\/yoast.com\/product\/yoast-seo-wordpress\/ -->\n<title>Empleo en MDx CRO | \u00danase a nuestros expertos en tecnolog\u00eda m\u00e9dica y DIV<\/title>\n<meta name=\"description\" content=\"Explore las oportunidades de empleo en MDx CRO. \u00danase a nuestro equipo global de expertos en investigaci\u00f3n cl\u00ednica, asuntos regulatorios y gesti\u00f3n de calidad.\" \/>\n<meta name=\"robots\" content=\"index, follow, max-snippet:-1, max-image-preview:large, max-video-preview:-1\" \/>\n<link rel=\"canonical\" href=\"https:\/\/mdxcro.com\/es\/empleo\/\" \/>\n<meta property=\"og:locale\" content=\"es_ES\" \/>\n<meta property=\"og:type\" content=\"article\" \/>\n<meta property=\"og:title\" content=\"Empleo en MDx CRO | \u00danase a nuestros expertos en tecnolog\u00eda m\u00e9dica y DIV\" \/>\n<meta property=\"og:description\" content=\"Explore las oportunidades de empleo en MDx CRO. \u00danase a nuestro equipo global de expertos en investigaci\u00f3n cl\u00ednica, asuntos regulatorios y gesti\u00f3n de calidad.\" \/>\n<meta property=\"og:url\" content=\"https:\/\/mdxcro.com\/es\/empleo\/\" \/>\n<meta property=\"og:site_name\" content=\"MDx CRO\" \/>\n<meta property=\"article:modified_time\" content=\"2026-04-08T11:20:47+00:00\" \/>\n<meta name=\"twitter:card\" content=\"summary_large_image\" \/>\n<script type=\"application\/ld+json\" class=\"yoast-schema-graph\">{\"@context\":\"https:\\\/\\\/schema.org\",\"@graph\":[{\"@type\":\"WebPage\",\"@id\":\"https:\\\/\\\/mdxcro.com\\\/es\\\/empleo\\\/\",\"url\":\"https:\\\/\\\/mdxcro.com\\\/es\\\/empleo\\\/\",\"name\":\"Empleo en MDx CRO | \u00danase a nuestros expertos en tecnolog\u00eda m\u00e9dica y DIV\",\"isPartOf\":{\"@id\":\"https:\\\/\\\/mdxcro.com\\\/es\\\/#website\"},\"datePublished\":\"2025-07-30T07:33:55+00:00\",\"dateModified\":\"2026-04-08T11:20:47+00:00\",\"description\":\"Explore las oportunidades de empleo en MDx CRO. \u00danase a nuestro equipo global de expertos en investigaci\u00f3n cl\u00ednica, asuntos regulatorios y gesti\u00f3n de calidad.\",\"breadcrumb\":{\"@id\":\"https:\\\/\\\/mdxcro.com\\\/es\\\/empleo\\\/#breadcrumb\"},\"inLanguage\":\"es\",\"potentialAction\":[{\"@type\":\"ReadAction\",\"target\":[\"https:\\\/\\\/mdxcro.com\\\/es\\\/empleo\\\/\"]}]},{\"@type\":\"BreadcrumbList\",\"@id\":\"https:\\\/\\\/mdxcro.com\\\/es\\\/empleo\\\/#breadcrumb\",\"itemListElement\":[{\"@type\":\"ListItem\",\"position\":1,\"name\":\"Home\",\"item\":\"https:\\\/\\\/mdxcro.com\\\/es\\\/\"},{\"@type\":\"ListItem\",\"position\":2,\"name\":\"Empleo\"}]},{\"@type\":\"WebSite\",\"@id\":\"https:\\\/\\\/mdxcro.com\\\/es\\\/#website\",\"url\":\"https:\\\/\\\/mdxcro.com\\\/es\\\/\",\"name\":\"MDx CRO\",\"description\":\"Investigaci\u00f3n cl\u00ednica, normativa y control de calidad en tecnolog\u00eda m\u00e9dica y diagn\u00f3stico in vitro\",\"publisher\":{\"@id\":\"https:\\\/\\\/mdxcro.com\\\/es\\\/#organization\"},\"alternateName\":\"MDx\",\"potentialAction\":[{\"@type\":\"SearchAction\",\"target\":{\"@type\":\"EntryPoint\",\"urlTemplate\":\"https:\\\/\\\/mdxcro.com\\\/es\\\/?s={search_term_string}\"},\"query-input\":{\"@type\":\"PropertyValueSpecification\",\"valueRequired\":true,\"valueName\":\"search_term_string\"}}],\"inLanguage\":\"es\"},{\"@type\":\"Organization\",\"@id\":\"https:\\\/\\\/mdxcro.com\\\/es\\\/#organization\",\"name\":\"CRO de MDx\",\"url\":\"https:\\\/\\\/mdxcro.com\\\/es\\\/\",\"logo\":{\"@type\":\"ImageObject\",\"inLanguage\":\"es\",\"@id\":\"https:\\\/\\\/mdxcro.com\\\/es\\\/#\\\/schema\\\/logo\\\/image\\\/\",\"url\":\"https:\\\/\\\/mdxcro.com\\\/wp-content\\\/uploads\\\/2025\\\/07\\\/MDX.svg\",\"contentUrl\":\"https:\\\/\\\/mdxcro.com\\\/wp-content\\\/uploads\\\/2025\\\/07\\\/MDX.svg\",\"width\":352,\"height\":114,\"caption\":\"CRO de MDx\"},\"image\":{\"@id\":\"https:\\\/\\\/mdxcro.com\\\/es\\\/#\\\/schema\\\/logo\\\/image\\\/\"},\"sameAs\":[\"https:\\\/\\\/www.linkedin.com\\\/company\\\/medtech-ivd-cro\"]}]}<\/script>\n<!-- \/ Yoast SEO plugin. -->","yoast_head_json":{"title":"Empleo en MDx CRO | \u00danase a nuestros expertos en tecnolog\u00eda m\u00e9dica y DIV","description":"Explore las oportunidades de empleo en MDx CRO. \u00danase a nuestro equipo global de expertos en investigaci\u00f3n cl\u00ednica, asuntos regulatorios y gesti\u00f3n de calidad.","robots":{"index":"index","follow":"follow","max-snippet":"max-snippet:-1","max-image-preview":"max-image-preview:large","max-video-preview":"max-video-preview:-1"},"canonical":"https:\/\/mdxcro.com\/es\/empleo\/","og_locale":"es_ES","og_type":"article","og_title":"Empleo en MDx CRO | \u00danase a nuestros expertos en tecnolog\u00eda m\u00e9dica y DIV","og_description":"Explore las oportunidades de empleo en MDx CRO. \u00danase a nuestro equipo global de expertos en investigaci\u00f3n cl\u00ednica, asuntos regulatorios y gesti\u00f3n de calidad.","og_url":"https:\/\/mdxcro.com\/es\/empleo\/","og_site_name":"MDx CRO","article_modified_time":"2026-04-08T11:20:47+00:00","twitter_card":"summary_large_image","schema":{"@context":"https:\/\/schema.org","@graph":[{"@type":"WebPage","@id":"https:\/\/mdxcro.com\/es\/empleo\/","url":"https:\/\/mdxcro.com\/es\/empleo\/","name":"Empleo en MDx CRO | \u00danase a nuestros expertos en tecnolog\u00eda m\u00e9dica y DIV","isPartOf":{"@id":"https:\/\/mdxcro.com\/es\/#website"},"datePublished":"2025-07-30T07:33:55+00:00","dateModified":"2026-04-08T11:20:47+00:00","description":"Explore las oportunidades de empleo en MDx CRO. \u00danase a nuestro equipo global de expertos en investigaci\u00f3n cl\u00ednica, asuntos regulatorios y gesti\u00f3n de calidad.","breadcrumb":{"@id":"https:\/\/mdxcro.com\/es\/empleo\/#breadcrumb"},"inLanguage":"es","potentialAction":[{"@type":"ReadAction","target":["https:\/\/mdxcro.com\/es\/empleo\/"]}]},{"@type":"BreadcrumbList","@id":"https:\/\/mdxcro.com\/es\/empleo\/#breadcrumb","itemListElement":[{"@type":"ListItem","position":1,"name":"Home","item":"https:\/\/mdxcro.com\/es\/"},{"@type":"ListItem","position":2,"name":"Empleo"}]},{"@type":"WebSite","@id":"https:\/\/mdxcro.com\/es\/#website","url":"https:\/\/mdxcro.com\/es\/","name":"MDx CRO","description":"Investigaci\u00f3n cl\u00ednica, normativa y control de calidad en tecnolog\u00eda m\u00e9dica y diagn\u00f3stico in vitro","publisher":{"@id":"https:\/\/mdxcro.com\/es\/#organization"},"alternateName":"MDx","potentialAction":[{"@type":"SearchAction","target":{"@type":"EntryPoint","urlTemplate":"https:\/\/mdxcro.com\/es\/?s={search_term_string}"},"query-input":{"@type":"PropertyValueSpecification","valueRequired":true,"valueName":"search_term_string"}}],"inLanguage":"es"},{"@type":"Organization","@id":"https:\/\/mdxcro.com\/es\/#organization","name":"CRO de MDx","url":"https:\/\/mdxcro.com\/es\/","logo":{"@type":"ImageObject","inLanguage":"es","@id":"https:\/\/mdxcro.com\/es\/#\/schema\/logo\/image\/","url":"https:\/\/mdxcro.com\/wp-content\/uploads\/2025\/07\/MDX.svg","contentUrl":"https:\/\/mdxcro.com\/wp-content\/uploads\/2025\/07\/MDX.svg","width":352,"height":114,"caption":"CRO de MDx"},"image":{"@id":"https:\/\/mdxcro.com\/es\/#\/schema\/logo\/image\/"},"sameAs":["https:\/\/www.linkedin.com\/company\/medtech-ivd-cro"]}]}},"_links":{"self":[{"href":"https:\/\/mdxcro.com\/es\/wp-json\/wp\/v2\/pages\/8416","targetHints":{"allow":["GET"]}}],"collection":[{"href":"https:\/\/mdxcro.com\/es\/wp-json\/wp\/v2\/pages"}],"about":[{"href":"https:\/\/mdxcro.com\/es\/wp-json\/wp\/v2\/types\/page"}],"author":[{"embeddable":true,"href":"https:\/\/mdxcro.com\/es\/wp-json\/wp\/v2\/users\/2"}],"replies":[{"embeddable":true,"href":"https:\/\/mdxcro.com\/es\/wp-json\/wp\/v2\/comments?post=8416"}],"version-history":[{"count":11,"href":"https:\/\/mdxcro.com\/es\/wp-json\/wp\/v2\/pages\/8416\/revisions"}],"predecessor-version":[{"id":10759,"href":"https:\/\/mdxcro.com\/es\/wp-json\/wp\/v2\/pages\/8416\/revisions\/10759"}],"wp:attachment":[{"href":"https:\/\/mdxcro.com\/es\/wp-json\/wp\/v2\/media?parent=8416"}],"curies":[{"name":"wp","href":"https:\/\/api.w.org\/{rel}","templated":true}]}}