{"id":8438,"date":"2025-09-27T15:35:10","date_gmt":"2025-09-27T15:35:10","guid":{"rendered":"https:\/\/mdxcro.com\/politica-de-calidad-de-mdx\/"},"modified":"2026-03-10T08:51:44","modified_gmt":"2026-03-10T08:51:44","slug":"politica-de-calidad-de-mdx","status":"publish","type":"page","link":"https:\/\/mdxcro.com\/es\/politica-de-calidad-de-mdx\/","title":{"rendered":"Pol\u00edtica de calidad de MDx"},"content":{"rendered":"\n<p><em>5 de mayo de 2025<\/em><\/p>\n\n<p>MDx ofrece soporte experto completo del ciclo de vida para proyectos de dispositivos m\u00e9dicos y de diagn\u00f3stico in vitro, desde el soporte de garant\u00eda de calidad con la certificaci\u00f3n ISO 13485\/15189 hasta el desarrollo de documentaci\u00f3n t\u00e9cnica IVDR\/MDR, as\u00ed como el dise\u00f1o y la gesti\u00f3n de estudios cl\u00ednicos para el marcado CE o la aprobaci\u00f3n de la FDA. MDx se asocia con la industria de tecnolog\u00eda m\u00e9dica, socios farmac\u00e9uticos y sus subcontratistas para proporcionar una amplia gama de servicios de consultor\u00eda de dispositivos m\u00e9dicos e IVD, incluidos servicios de redacci\u00f3n m\u00e9dica, capacitaciones seleccionadas, servicios de representaci\u00f3n en el pa\u00eds, como la representaci\u00f3n autorizada europea y la persona responsable del Reino Unido, garant\u00eda de calidad para dispositivos m\u00e9dicos, investigaci\u00f3n cl\u00ednica y estudios de rendimiento cl\u00ednico, as\u00ed como todos los aspectos de la evaluaci\u00f3n del rendimiento de IVDR. <\/p>\n\n<p><strong>Visi\u00f3n<\/strong><\/p>\n\n<p>Creemos que todo el mundo deber\u00eda tener acceso a dispositivos m\u00e9dicos innovadores y dispositivos m\u00e9dicos de diagn\u00f3stico in vitro. Nuestra visi\u00f3n es ser una fuerza impulsora en la industria de tecnolog\u00eda m\u00e9dica, creando un mundo donde las tecnolog\u00edas m\u00e9dicas innovadoras mejoren la vida de las personas en todas partes. <\/p>\n\n<p><strong>Misi\u00f3n<\/strong><\/p>\n\n<p>Nuestra misi\u00f3n es ayudar a las organizaciones a llevar sus innovaciones sanitarias al mercado de forma r\u00e1pida y eficaz, garantizando que los pacientes se beneficien de las ventajas de la innovaci\u00f3n lo antes posible.<\/p>\n\n<p>La pol\u00edtica de calidad de MDx es superar constantemente las expectativas de nuestros clientes y organizaci\u00f3n proporcionando servicios de la m\u00e1s alta calidad para cada interacci\u00f3n con el cliente. Para lograr esto, nosotros: <\/p>\n\n<ul class=\"wp-block-list\">\n<li>Comprender y apoyar las necesidades y los objetivos de nuestros clientes y de la industria;<\/li>\n\n\n\n<li>Reconocer la influencia de nuestro trabajo en la mejora de la salud humana;<\/li>\n\n\n\n<li>Reclutar miembros del equipo de alto rendimiento que est\u00e9n motivados por el \u00e9xito del cliente;<\/li>\n\n\n\n<li>Centrar nuestros esfuerzos en proporcionar servicios oportunos, precisos y eficaces;<\/li>\n\n\n\n<li>Garantizar el cumplimiento de las leyes y normativas aplicables;<\/li>\n\n\n\n<li>Mejorar constantemente nuestro sistema de gesti\u00f3n de la calidad;<\/li>\n<\/ul>\n\n<p>Tambi\u00e9n nos dedicamos a capacitar a las mentes m\u00e1s brillantes de la regi\u00f3n ib\u00e9rica, fomentando su crecimiento como l\u00edderes en la industria de tecnolog\u00eda m\u00e9dica. Ofrecemos continuas posibilidades de desarrollo y crecimiento para promover nuestro activo m\u00e1s valioso, nuestro equipo. <\/p>\n\n<p>En apoyo de esta pol\u00edtica, el equipo de liderazgo ha desarrollado una serie de objetivos, que est\u00e1n respaldados por un seguimiento y una medici\u00f3n continuos y se revisan continuamente como parte del proceso de gesti\u00f3n empresarial.<\/p>\n\n<p>Esta pol\u00edtica de calidad establece el compromiso de la empresa de mantener un sistema de gesti\u00f3n de la calidad eficaz en consonancia con la norma ISO 13485 y los requisitos reglamentarios aplicables.<\/p>\n","protected":false},"excerpt":{"rendered":"<p>5 de mayo de 2025 MDx ofrece soporte experto completo del ciclo de vida para proyectos de dispositivos m\u00e9dicos y de diagn\u00f3stico in vitro, desde el soporte de garant\u00eda de calidad con la certificaci\u00f3n ISO 13485\/15189 hasta el desarrollo de documentaci\u00f3n t\u00e9cnica IVDR\/MDR, as\u00ed como el dise\u00f1o y la gesti\u00f3n de estudios cl\u00ednicos para el [&hellip;]<\/p>\n","protected":false},"author":2,"featured_media":0,"parent":0,"menu_order":0,"comment_status":"closed","ping_status":"closed","template":"plain-text.php","meta":{"_acf_changed":false,"footnotes":""},"class_list":["post-8438","page","type-page","status-publish","hentry"],"acf":[],"yoast_head":"<!-- This site is optimized with the Yoast SEO plugin v27.5 - https:\/\/yoast.com\/product\/yoast-seo-wordpress\/ -->\n<title>Pol\u00edtica de Calidad | MDx CRO MedTech<\/title>\n<meta name=\"description\" content=\"Conoce el compromiso de calidad de MDx, CRO especializado en MedTech e IVD. Procesos alineados con ISO 13485 y los m\u00e1s altos est\u00e1ndares regulatorios europeos.\" \/>\n<meta name=\"robots\" content=\"index, follow, max-snippet:-1, max-image-preview:large, max-video-preview:-1\" \/>\n<link rel=\"canonical\" href=\"https:\/\/mdxcro.com\/es\/politica-de-calidad-de-mdx\/\" \/>\n<meta property=\"og:locale\" content=\"es_ES\" \/>\n<meta property=\"og:type\" content=\"article\" \/>\n<meta property=\"og:title\" content=\"Pol\u00edtica de Calidad | MDx CRO MedTech\" \/>\n<meta property=\"og:description\" content=\"Conoce el compromiso de calidad de MDx, CRO especializado en MedTech e IVD. Procesos alineados con ISO 13485 y los m\u00e1s altos est\u00e1ndares regulatorios europeos.\" \/>\n<meta property=\"og:url\" content=\"https:\/\/mdxcro.com\/es\/politica-de-calidad-de-mdx\/\" \/>\n<meta property=\"og:site_name\" content=\"MDx CRO\" \/>\n<meta property=\"article:modified_time\" content=\"2026-03-10T08:51:44+00:00\" \/>\n<meta name=\"twitter:card\" content=\"summary_large_image\" \/>\n<meta name=\"twitter:label1\" content=\"Tiempo de lectura\" \/>\n\t<meta name=\"twitter:data1\" content=\"2 minutos\" \/>\n<script type=\"application\/ld+json\" class=\"yoast-schema-graph\">{\"@context\":\"https:\\\/\\\/schema.org\",\"@graph\":[{\"@type\":\"WebPage\",\"@id\":\"https:\\\/\\\/mdxcro.com\\\/es\\\/politica-de-calidad-de-mdx\\\/\",\"url\":\"https:\\\/\\\/mdxcro.com\\\/es\\\/politica-de-calidad-de-mdx\\\/\",\"name\":\"Pol\u00edtica de Calidad | MDx CRO MedTech\",\"isPartOf\":{\"@id\":\"https:\\\/\\\/mdxcro.com\\\/es\\\/#website\"},\"datePublished\":\"2025-09-27T15:35:10+00:00\",\"dateModified\":\"2026-03-10T08:51:44+00:00\",\"description\":\"Conoce el compromiso de calidad de MDx, CRO especializado en MedTech e IVD. Procesos alineados con ISO 13485 y los m\u00e1s altos est\u00e1ndares regulatorios europeos.\",\"breadcrumb\":{\"@id\":\"https:\\\/\\\/mdxcro.com\\\/es\\\/politica-de-calidad-de-mdx\\\/#breadcrumb\"},\"inLanguage\":\"es\",\"potentialAction\":[{\"@type\":\"ReadAction\",\"target\":[\"https:\\\/\\\/mdxcro.com\\\/es\\\/politica-de-calidad-de-mdx\\\/\"]}]},{\"@type\":\"BreadcrumbList\",\"@id\":\"https:\\\/\\\/mdxcro.com\\\/es\\\/politica-de-calidad-de-mdx\\\/#breadcrumb\",\"itemListElement\":[{\"@type\":\"ListItem\",\"position\":1,\"name\":\"Home\",\"item\":\"https:\\\/\\\/mdxcro.com\\\/es\\\/\"},{\"@type\":\"ListItem\",\"position\":2,\"name\":\"Pol\u00edtica de calidad de MDx\"}]},{\"@type\":\"WebSite\",\"@id\":\"https:\\\/\\\/mdxcro.com\\\/es\\\/#website\",\"url\":\"https:\\\/\\\/mdxcro.com\\\/es\\\/\",\"name\":\"MDx CRO\",\"description\":\"Investigaci\u00f3n cl\u00ednica, normativa y control de calidad en tecnolog\u00eda m\u00e9dica y diagn\u00f3stico in vitro\",\"publisher\":{\"@id\":\"https:\\\/\\\/mdxcro.com\\\/es\\\/#organization\"},\"alternateName\":\"MDx\",\"potentialAction\":[{\"@type\":\"SearchAction\",\"target\":{\"@type\":\"EntryPoint\",\"urlTemplate\":\"https:\\\/\\\/mdxcro.com\\\/es\\\/?s={search_term_string}\"},\"query-input\":{\"@type\":\"PropertyValueSpecification\",\"valueRequired\":true,\"valueName\":\"search_term_string\"}}],\"inLanguage\":\"es\"},{\"@type\":\"Organization\",\"@id\":\"https:\\\/\\\/mdxcro.com\\\/es\\\/#organization\",\"name\":\"CRO de MDx\",\"url\":\"https:\\\/\\\/mdxcro.com\\\/es\\\/\",\"logo\":{\"@type\":\"ImageObject\",\"inLanguage\":\"es\",\"@id\":\"https:\\\/\\\/mdxcro.com\\\/es\\\/#\\\/schema\\\/logo\\\/image\\\/\",\"url\":\"https:\\\/\\\/mdxcro.com\\\/wp-content\\\/uploads\\\/2025\\\/07\\\/MDX.svg\",\"contentUrl\":\"https:\\\/\\\/mdxcro.com\\\/wp-content\\\/uploads\\\/2025\\\/07\\\/MDX.svg\",\"width\":352,\"height\":114,\"caption\":\"CRO de MDx\"},\"image\":{\"@id\":\"https:\\\/\\\/mdxcro.com\\\/es\\\/#\\\/schema\\\/logo\\\/image\\\/\"},\"sameAs\":[\"https:\\\/\\\/www.linkedin.com\\\/company\\\/medtech-ivd-cro\"]}]}<\/script>\n<!-- \/ Yoast SEO plugin. -->","yoast_head_json":{"title":"Pol\u00edtica de Calidad | MDx CRO MedTech","description":"Conoce el compromiso de calidad de MDx, CRO especializado en MedTech e IVD. Procesos alineados con ISO 13485 y los m\u00e1s altos est\u00e1ndares regulatorios europeos.","robots":{"index":"index","follow":"follow","max-snippet":"max-snippet:-1","max-image-preview":"max-image-preview:large","max-video-preview":"max-video-preview:-1"},"canonical":"https:\/\/mdxcro.com\/es\/politica-de-calidad-de-mdx\/","og_locale":"es_ES","og_type":"article","og_title":"Pol\u00edtica de Calidad | MDx CRO MedTech","og_description":"Conoce el compromiso de calidad de MDx, CRO especializado en MedTech e IVD. Procesos alineados con ISO 13485 y los m\u00e1s altos est\u00e1ndares regulatorios europeos.","og_url":"https:\/\/mdxcro.com\/es\/politica-de-calidad-de-mdx\/","og_site_name":"MDx CRO","article_modified_time":"2026-03-10T08:51:44+00:00","twitter_card":"summary_large_image","twitter_misc":{"Tiempo de lectura":"2 minutos"},"schema":{"@context":"https:\/\/schema.org","@graph":[{"@type":"WebPage","@id":"https:\/\/mdxcro.com\/es\/politica-de-calidad-de-mdx\/","url":"https:\/\/mdxcro.com\/es\/politica-de-calidad-de-mdx\/","name":"Pol\u00edtica de Calidad | MDx CRO MedTech","isPartOf":{"@id":"https:\/\/mdxcro.com\/es\/#website"},"datePublished":"2025-09-27T15:35:10+00:00","dateModified":"2026-03-10T08:51:44+00:00","description":"Conoce el compromiso de calidad de MDx, CRO especializado en MedTech e IVD. Procesos alineados con ISO 13485 y los m\u00e1s altos est\u00e1ndares regulatorios europeos.","breadcrumb":{"@id":"https:\/\/mdxcro.com\/es\/politica-de-calidad-de-mdx\/#breadcrumb"},"inLanguage":"es","potentialAction":[{"@type":"ReadAction","target":["https:\/\/mdxcro.com\/es\/politica-de-calidad-de-mdx\/"]}]},{"@type":"BreadcrumbList","@id":"https:\/\/mdxcro.com\/es\/politica-de-calidad-de-mdx\/#breadcrumb","itemListElement":[{"@type":"ListItem","position":1,"name":"Home","item":"https:\/\/mdxcro.com\/es\/"},{"@type":"ListItem","position":2,"name":"Pol\u00edtica de calidad de MDx"}]},{"@type":"WebSite","@id":"https:\/\/mdxcro.com\/es\/#website","url":"https:\/\/mdxcro.com\/es\/","name":"MDx CRO","description":"Investigaci\u00f3n cl\u00ednica, normativa y control de calidad en tecnolog\u00eda m\u00e9dica y diagn\u00f3stico in vitro","publisher":{"@id":"https:\/\/mdxcro.com\/es\/#organization"},"alternateName":"MDx","potentialAction":[{"@type":"SearchAction","target":{"@type":"EntryPoint","urlTemplate":"https:\/\/mdxcro.com\/es\/?s={search_term_string}"},"query-input":{"@type":"PropertyValueSpecification","valueRequired":true,"valueName":"search_term_string"}}],"inLanguage":"es"},{"@type":"Organization","@id":"https:\/\/mdxcro.com\/es\/#organization","name":"CRO de MDx","url":"https:\/\/mdxcro.com\/es\/","logo":{"@type":"ImageObject","inLanguage":"es","@id":"https:\/\/mdxcro.com\/es\/#\/schema\/logo\/image\/","url":"https:\/\/mdxcro.com\/wp-content\/uploads\/2025\/07\/MDX.svg","contentUrl":"https:\/\/mdxcro.com\/wp-content\/uploads\/2025\/07\/MDX.svg","width":352,"height":114,"caption":"CRO de MDx"},"image":{"@id":"https:\/\/mdxcro.com\/es\/#\/schema\/logo\/image\/"},"sameAs":["https:\/\/www.linkedin.com\/company\/medtech-ivd-cro"]}]}},"_links":{"self":[{"href":"https:\/\/mdxcro.com\/es\/wp-json\/wp\/v2\/pages\/8438","targetHints":{"allow":["GET"]}}],"collection":[{"href":"https:\/\/mdxcro.com\/es\/wp-json\/wp\/v2\/pages"}],"about":[{"href":"https:\/\/mdxcro.com\/es\/wp-json\/wp\/v2\/types\/page"}],"author":[{"embeddable":true,"href":"https:\/\/mdxcro.com\/es\/wp-json\/wp\/v2\/users\/2"}],"replies":[{"embeddable":true,"href":"https:\/\/mdxcro.com\/es\/wp-json\/wp\/v2\/comments?post=8438"}],"version-history":[{"count":2,"href":"https:\/\/mdxcro.com\/es\/wp-json\/wp\/v2\/pages\/8438\/revisions"}],"predecessor-version":[{"id":8443,"href":"https:\/\/mdxcro.com\/es\/wp-json\/wp\/v2\/pages\/8438\/revisions\/8443"}],"wp:attachment":[{"href":"https:\/\/mdxcro.com\/es\/wp-json\/wp\/v2\/media?parent=8438"}],"curies":[{"name":"wp","href":"https:\/\/api.w.org\/{rel}","templated":true}]}}