{"id":9772,"date":"2026-02-24T14:42:25","date_gmt":"2026-02-24T14:42:25","guid":{"rendered":"https:\/\/mdxcro.com\/?page_id=9772"},"modified":"2026-04-08T11:19:24","modified_gmt":"2026-04-08T11:19:24","slug":"recurso-solicitado","status":"publish","type":"page","link":"https:\/\/mdxcro.com\/es\/recurso-solicitado\/","title":{"rendered":"Recurso solicitado"},"content":{"rendered":"\n<section id=\"block_965233b7062284346be0cc052d779679\" class=\"hero hero--with-form\">\n    <div class=\"hero--bg\">\n      <img decoding=\"async\" src=\"https:\/\/mdxcro.com\/wp-content\/uploads\/2026\/04\/sectors-MDx-CRO-2.webp\" fetchpriority=\"high\" class=\"no-lazy\" \/>\n    <\/div>\n        <div class=\"container\">\n                <div class=\"hero__grid\">\n            <div class=\"hero__content-col\">\n                <div class=\"content\">\n                                    <h1 class=\"title\">Su solicitud ha sido recibida<\/h1>\n            \n                            <div class=\"description\"><p>Gracias por su solicitud. La hemos compartido con nuestro equipo, que la revisar\u00e1 en los pr\u00f3ximos d\u00edas. Una vez aprobada, el material se enviar\u00e1 directamente a su correo electr\u00f3nico.<\/p>\n<\/div>\n            \n                            <div class=\"button-wrapper\">\n                                            <a href=\"https:\/\/mdxcro.com\/es\/blog\/\" class=\"button button--default\" target=\"_self\">\n                            Visita nuestro blog                        <\/a>\n                                            <a href=\"https:\/\/www.linkedin.com\/company\/medtech-ivd-cro\/\" class=\"button button--default\" target=\"_self\">\n                            S\u00edguenos en LinkedIn                         <\/a>\n                                    <\/div>\n                                    <\/div>\n            <\/div>\n            <div class=\"hero__form-col mdx-form-wrapper\">\n                Add shortcode            <\/div>\n        <\/div>\n            <\/div>\n<\/section>\n\n\n\n<section class=\"latest-resources\"  style=\"\">\n    <div class=\"container\">\n          <div class=\"headline\">Lee nuestro blog para encontrar otros recursos<a href=\"#\" class=\"slider-nav slider-nav-left\"><\/a><a href=\"#\" class=\"slider-nav slider-nav-right\"><\/a><\/div>\n      <\/div>\n\n      <div class=\"slider\">\n      <div class=\"slider-inner\">\n                            <a href=\"https:\/\/mdxcro.com\/es\/ivdr-estudios-combinados\/\" class=\"slider-item\">\n            <div class=\"image-wrapper\">\n                              <img loading=\"lazy\" decoding=\"async\" width=\"800\" height=\"530\" src=\"https:\/\/mdxcro.com\/wp-content\/uploads\/2025\/07\/Clinical-research-MDx-CRO-1-800x530.webp\" class=\"attachment-thumbnail size-thumbnail wp-post-image\" alt=\"Gu\u00eda pr\u00e1ctica: IVDR en estudios combinados desde 40+ programas de investigaci\u00f3n\" \/>                          <\/div>\n            <div class=\"content-wrapper\">\n              <p class=\"text\">Gu\u00eda pr\u00e1ctica: IVDR en estudios combinados desde 40+ programas de investigaci\u00f3n<\/p>\n            <\/div>\n          <\/a>\n                            <a href=\"https:\/\/mdxcro.com\/ivdr-combined-studies\/\" class=\"slider-item\">\n            <div class=\"image-wrapper\">\n                              <img loading=\"lazy\" decoding=\"async\" width=\"800\" height=\"530\" src=\"https:\/\/mdxcro.com\/wp-content\/uploads\/2025\/07\/Clinical-research-MDx-CRO-1-800x530.webp\" class=\"attachment-thumbnail size-thumbnail wp-post-image\" alt=\"Making IVDR Work in Combined Studies: Scientific &amp; Operational Lessons from 40+ Programs\" \/>                          <\/div>\n            <div class=\"content-wrapper\">\n              <p class=\"text\">Making IVDR Work in Combined Studies: Scientific &amp; Operational Lessons from 40+ Programs<\/p>\n            <\/div>\n          <\/a>\n                            <a href=\"https:\/\/mdxcro.com\/iso-14155-2026\/\" class=\"slider-item\">\n            <div class=\"image-wrapper\">\n                              <img loading=\"lazy\" decoding=\"async\" width=\"800\" height=\"530\" src=\"https:\/\/mdxcro.com\/wp-content\/uploads\/2025\/07\/regulatory-cpmpliance-technical-documentation-MDx-CRO-800x530.webp\" class=\"attachment-thumbnail size-thumbnail wp-post-image\" alt=\"ISO 14155:2026 What&#8217;s Changed and What It Means for Your Clinical Investigation\" \/>                          <\/div>\n            <div class=\"content-wrapper\">\n              <p class=\"text\">ISO 14155:2026 What&#8217;s Changed and What It Means for Your Clinical Investigation<\/p>\n            <\/div>\n          <\/a>\n                            <a href=\"https:\/\/mdxcro.com\/es\/nueva-ley-ensayos-clinicos-portugal-2026\/\" class=\"slider-item\">\n            <div class=\"image-wrapper\">\n                              <img loading=\"lazy\" decoding=\"async\" width=\"800\" height=\"530\" src=\"https:\/\/mdxcro.com\/wp-content\/uploads\/2025\/07\/clinical-research-MDx-CRO-800x530.webp\" class=\"attachment-thumbnail size-thumbnail wp-post-image\" alt=\"Nueva Ley de Ensayos Cl\u00ednicos de Portugal n.\u00ba 9\/2026: Lo que los patrocinadores deben saber\" \/>                          <\/div>\n            <div class=\"content-wrapper\">\n              <p class=\"text\">Nueva Ley de Ensayos Cl\u00ednicos de Portugal n.\u00ba 9\/2026: Lo que los patrocinadores deben saber<\/p>\n            <\/div>\n          <\/a>\n                            <a href=\"https:\/\/mdxcro.com\/portugal-clinical-trials-law-2026-law-9\/\" class=\"slider-item\">\n            <div class=\"image-wrapper\">\n                              <img loading=\"lazy\" decoding=\"async\" width=\"800\" height=\"530\" src=\"https:\/\/mdxcro.com\/wp-content\/uploads\/2025\/07\/clinical-research-MDx-CRO-800x530.webp\" class=\"attachment-thumbnail size-thumbnail wp-post-image\" alt=\"Portugal\u2019s New Clinical Trials Law No. 9\/2026: What Sponsors Need to Know\" \/>                          <\/div>\n            <div class=\"content-wrapper\">\n              <p class=\"text\">Portugal\u2019s New Clinical Trials Law No. 9\/2026: What Sponsors Need to Know<\/p>\n            <\/div>\n          <\/a>\n              <\/div>\n    <\/div>\n  \n  <\/section>\n","protected":false},"excerpt":{"rendered":"","protected":false},"author":9,"featured_media":0,"parent":0,"menu_order":0,"comment_status":"closed","ping_status":"closed","template":"","meta":{"_acf_changed":false,"footnotes":""},"class_list":["post-9772","page","type-page","status-publish","hentry"],"acf":[],"yoast_head":"<!-- This site is optimized with the Yoast SEO plugin v27.4 - https:\/\/yoast.com\/product\/yoast-seo-wordpress\/ -->\n<title>Recurso solicitado - MDx CRO<\/title>\n<meta name=\"description\" content=\"Haz solicitao uno de nuestros recursos gratuitos, en breve te enviaremos un email con el material solicitado.\" \/>\n<meta name=\"robots\" content=\"noindex, follow\" \/>\n<meta property=\"og:locale\" content=\"es_ES\" \/>\n<meta property=\"og:type\" content=\"article\" \/>\n<meta property=\"og:title\" content=\"Recurso solicitado - MDx CRO\" \/>\n<meta property=\"og:description\" content=\"Haz solicitao uno de nuestros recursos gratuitos, en breve te enviaremos un email con el material solicitado.\" \/>\n<meta property=\"og:url\" content=\"https:\/\/mdxcro.com\/es\/recurso-solicitado\/\" \/>\n<meta property=\"og:site_name\" content=\"MDx CRO\" \/>\n<meta property=\"article:modified_time\" content=\"2026-04-08T11:19:24+00:00\" \/>\n<meta name=\"twitter:card\" content=\"summary_large_image\" \/>\n<script type=\"application\/ld+json\" class=\"yoast-schema-graph\">{\"@context\":\"https:\\\/\\\/schema.org\",\"@graph\":[{\"@type\":\"WebPage\",\"@id\":\"https:\\\/\\\/mdxcro.com\\\/es\\\/recurso-solicitado\\\/\",\"url\":\"https:\\\/\\\/mdxcro.com\\\/es\\\/recurso-solicitado\\\/\",\"name\":\"Recurso solicitado - MDx CRO\",\"isPartOf\":{\"@id\":\"https:\\\/\\\/mdxcro.com\\\/es\\\/#website\"},\"datePublished\":\"2026-02-24T14:42:25+00:00\",\"dateModified\":\"2026-04-08T11:19:24+00:00\",\"description\":\"Haz solicitao uno de nuestros recursos gratuitos, en breve te enviaremos un email con el material solicitado.\",\"breadcrumb\":{\"@id\":\"https:\\\/\\\/mdxcro.com\\\/es\\\/recurso-solicitado\\\/#breadcrumb\"},\"inLanguage\":\"es\",\"potentialAction\":[{\"@type\":\"ReadAction\",\"target\":[\"https:\\\/\\\/mdxcro.com\\\/es\\\/recurso-solicitado\\\/\"]}]},{\"@type\":\"BreadcrumbList\",\"@id\":\"https:\\\/\\\/mdxcro.com\\\/es\\\/recurso-solicitado\\\/#breadcrumb\",\"itemListElement\":[{\"@type\":\"ListItem\",\"position\":1,\"name\":\"Home\",\"item\":\"https:\\\/\\\/mdxcro.com\\\/es\\\/\"},{\"@type\":\"ListItem\",\"position\":2,\"name\":\"Recurso solicitado\"}]},{\"@type\":\"WebSite\",\"@id\":\"https:\\\/\\\/mdxcro.com\\\/es\\\/#website\",\"url\":\"https:\\\/\\\/mdxcro.com\\\/es\\\/\",\"name\":\"MDx CRO\",\"description\":\"Investigaci\u00f3n cl\u00ednica, normativa y control de calidad en tecnolog\u00eda m\u00e9dica y diagn\u00f3stico in vitro\",\"publisher\":{\"@id\":\"https:\\\/\\\/mdxcro.com\\\/es\\\/#organization\"},\"alternateName\":\"MDx\",\"potentialAction\":[{\"@type\":\"SearchAction\",\"target\":{\"@type\":\"EntryPoint\",\"urlTemplate\":\"https:\\\/\\\/mdxcro.com\\\/es\\\/?s={search_term_string}\"},\"query-input\":{\"@type\":\"PropertyValueSpecification\",\"valueRequired\":true,\"valueName\":\"search_term_string\"}}],\"inLanguage\":\"es\"},{\"@type\":\"Organization\",\"@id\":\"https:\\\/\\\/mdxcro.com\\\/es\\\/#organization\",\"name\":\"CRO de MDx\",\"url\":\"https:\\\/\\\/mdxcro.com\\\/es\\\/\",\"logo\":{\"@type\":\"ImageObject\",\"inLanguage\":\"es\",\"@id\":\"https:\\\/\\\/mdxcro.com\\\/es\\\/#\\\/schema\\\/logo\\\/image\\\/\",\"url\":\"https:\\\/\\\/mdxcro.com\\\/wp-content\\\/uploads\\\/2025\\\/07\\\/MDX.svg\",\"contentUrl\":\"https:\\\/\\\/mdxcro.com\\\/wp-content\\\/uploads\\\/2025\\\/07\\\/MDX.svg\",\"width\":352,\"height\":114,\"caption\":\"CRO de MDx\"},\"image\":{\"@id\":\"https:\\\/\\\/mdxcro.com\\\/es\\\/#\\\/schema\\\/logo\\\/image\\\/\"},\"sameAs\":[\"https:\\\/\\\/www.linkedin.com\\\/company\\\/medtech-ivd-cro\"]}]}<\/script>\n<!-- \/ Yoast SEO plugin. -->","yoast_head_json":{"title":"Recurso solicitado - MDx CRO","description":"Haz solicitao uno de nuestros recursos gratuitos, en breve te enviaremos un email con el material solicitado.","robots":{"index":"noindex","follow":"follow"},"og_locale":"es_ES","og_type":"article","og_title":"Recurso solicitado - MDx CRO","og_description":"Haz solicitao uno de nuestros recursos gratuitos, en breve te enviaremos un email con el material solicitado.","og_url":"https:\/\/mdxcro.com\/es\/recurso-solicitado\/","og_site_name":"MDx CRO","article_modified_time":"2026-04-08T11:19:24+00:00","twitter_card":"summary_large_image","schema":{"@context":"https:\/\/schema.org","@graph":[{"@type":"WebPage","@id":"https:\/\/mdxcro.com\/es\/recurso-solicitado\/","url":"https:\/\/mdxcro.com\/es\/recurso-solicitado\/","name":"Recurso solicitado - MDx CRO","isPartOf":{"@id":"https:\/\/mdxcro.com\/es\/#website"},"datePublished":"2026-02-24T14:42:25+00:00","dateModified":"2026-04-08T11:19:24+00:00","description":"Haz solicitao uno de nuestros recursos gratuitos, en breve te enviaremos un email con el material solicitado.","breadcrumb":{"@id":"https:\/\/mdxcro.com\/es\/recurso-solicitado\/#breadcrumb"},"inLanguage":"es","potentialAction":[{"@type":"ReadAction","target":["https:\/\/mdxcro.com\/es\/recurso-solicitado\/"]}]},{"@type":"BreadcrumbList","@id":"https:\/\/mdxcro.com\/es\/recurso-solicitado\/#breadcrumb","itemListElement":[{"@type":"ListItem","position":1,"name":"Home","item":"https:\/\/mdxcro.com\/es\/"},{"@type":"ListItem","position":2,"name":"Recurso solicitado"}]},{"@type":"WebSite","@id":"https:\/\/mdxcro.com\/es\/#website","url":"https:\/\/mdxcro.com\/es\/","name":"MDx CRO","description":"Investigaci\u00f3n cl\u00ednica, normativa y control de calidad en tecnolog\u00eda m\u00e9dica y diagn\u00f3stico in vitro","publisher":{"@id":"https:\/\/mdxcro.com\/es\/#organization"},"alternateName":"MDx","potentialAction":[{"@type":"SearchAction","target":{"@type":"EntryPoint","urlTemplate":"https:\/\/mdxcro.com\/es\/?s={search_term_string}"},"query-input":{"@type":"PropertyValueSpecification","valueRequired":true,"valueName":"search_term_string"}}],"inLanguage":"es"},{"@type":"Organization","@id":"https:\/\/mdxcro.com\/es\/#organization","name":"CRO de MDx","url":"https:\/\/mdxcro.com\/es\/","logo":{"@type":"ImageObject","inLanguage":"es","@id":"https:\/\/mdxcro.com\/es\/#\/schema\/logo\/image\/","url":"https:\/\/mdxcro.com\/wp-content\/uploads\/2025\/07\/MDX.svg","contentUrl":"https:\/\/mdxcro.com\/wp-content\/uploads\/2025\/07\/MDX.svg","width":352,"height":114,"caption":"CRO de MDx"},"image":{"@id":"https:\/\/mdxcro.com\/es\/#\/schema\/logo\/image\/"},"sameAs":["https:\/\/www.linkedin.com\/company\/medtech-ivd-cro"]}]}},"_links":{"self":[{"href":"https:\/\/mdxcro.com\/es\/wp-json\/wp\/v2\/pages\/9772","targetHints":{"allow":["GET"]}}],"collection":[{"href":"https:\/\/mdxcro.com\/es\/wp-json\/wp\/v2\/pages"}],"about":[{"href":"https:\/\/mdxcro.com\/es\/wp-json\/wp\/v2\/types\/page"}],"author":[{"embeddable":true,"href":"https:\/\/mdxcro.com\/es\/wp-json\/wp\/v2\/users\/9"}],"replies":[{"embeddable":true,"href":"https:\/\/mdxcro.com\/es\/wp-json\/wp\/v2\/comments?post=9772"}],"version-history":[{"count":2,"href":"https:\/\/mdxcro.com\/es\/wp-json\/wp\/v2\/pages\/9772\/revisions"}],"predecessor-version":[{"id":10757,"href":"https:\/\/mdxcro.com\/es\/wp-json\/wp\/v2\/pages\/9772\/revisions\/10757"}],"wp:attachment":[{"href":"https:\/\/mdxcro.com\/es\/wp-json\/wp\/v2\/media?parent=9772"}],"curies":[{"name":"wp","href":"https:\/\/api.w.org\/{rel}","templated":true}]}}